{"id":6624,"date":"2020-11-30T14:39:25","date_gmt":"2020-11-30T13:39:25","guid":{"rendered":"https:\/\/hotelcristal.de\/faq\/"},"modified":"2020-12-04T12:40:00","modified_gmt":"2020-12-04T11:40:00","slug":"faq","status":"publish","type":"page","link":"https:\/\/www.hotel-alpha.de\/en\/faq\/","title":{"rendered":"FAQ"},"content":{"rendered":"\t\t<div data-elementor-type=\"wp-page\" data-elementor-id=\"6624\" class=\"elementor elementor-6624 elementor-2694\" data-elementor-settings=\"[]\">\n\t\t\t\t\t\t<div class=\"elementor-inner\">\n\t\t\t\t\t\t\t<div class=\"elementor-section-wrap\">\n\t\t\t\t\t\t\t<section class=\"elementor-section elementor-top-section elementor-element elementor-element-ba24173 elementor-section-full_width qodef-elementor-content-grid elementor-section-height-default elementor-section-height-default\" data-id=\"ba24173\" data-element_type=\"section\">\n\t\t\t\t\t\t<div class=\"elementor-container elementor-column-gap-no\">\n\t\t\t\t\t\t\t<div class=\"elementor-row\">\n\t\t\t\t\t<div class=\"elementor-column elementor-col-100 elementor-top-column elementor-element elementor-element-ad81f16\" data-id=\"ad81f16\" data-element_type=\"column\">\n\t\t\t<div class=\"elementor-column-wrap elementor-element-populated\">\n\t\t\t\t\t\t\t<div class=\"elementor-widget-wrap\">\n\t\t\t\t\t\t<div class=\"elementor-element elementor-element-3dc2385 elementor-widget elementor-widget-alloggio_core_accordion\" data-id=\"3dc2385\" data-element_type=\"widget\" data-widget_type=\"alloggio_core_accordion.default\">\n\t\t\t\t<div class=\"elementor-widget-container\">\n\t\t\t<div class=\"qodef-shortcode qodef-m  qodef-accordion clear qodef-behavior--accordion qodef-layout--simple\">\n\t<h4 class=\"qodef-accordion-title\">\n\t<span class=\"qodef-tab-title\">\n\t\tWann kann ich ein und aus checken?\t<\/span>\n\t<span class=\"qodef-accordion-mark\">\n\t\t<span class=\"qodef-icon--arrow-down\"><span class=\"qodef-icon-linea-icons icon-arrows-down\" ><\/span><\/span>\n\t\t<span class=\"qodef-icon--arrow-up\"><span class=\"qodef-icon-linea-icons icon-arrows-up\" ><\/span><\/span>\n\t<\/span>\n<\/h4>\n<div class=\"qodef-accordion-content\">\n\t<div class=\"qodef-accordion-content-inner\">\n\t\t<p><strong>Check in:<\/strong> Unsere Zimmer sind ab 14 Uhr bezugsfertig. Sollten Sie fr\u00fcher anreisen k\u00f6nnen wir Ihre Koffer gerne bei uns sicher abstellen.<\/p><p><strong>Check out:<\/strong> Am Abreisetag k\u00f6nnen Sie das Zimmer bis 11 Uhr nutzen.<\/p><p><strong>Check out late:<\/strong> Bitte fragen Sie an der Rezeption nach.<\/p>\t<\/div>\n<\/div><h4 class=\"qodef-accordion-title\">\n\t<span class=\"qodef-tab-title\">\n\t\tWann kann ich Fr\u00fchst\u00fccken ?\t<\/span>\n\t<span class=\"qodef-accordion-mark\">\n\t\t<span class=\"qodef-icon--arrow-down\"><span class=\"qodef-icon-linea-icons icon-arrows-down\" ><\/span><\/span>\n\t\t<span class=\"qodef-icon--arrow-up\"><span class=\"qodef-icon-linea-icons icon-arrows-up\" ><\/span><\/span>\n\t<\/span>\n<\/h4>\n<div class=\"qodef-accordion-content\">\n\t<div class=\"qodef-accordion-content-inner\">\n\t\t<p>Unser Fr\u00fchst\u00fccksbuffet steht f\u00fcr Sie bereit<\/p><p>an Werktagen von 6.30 Uhr bis 10.00 Uhr.<\/p><p>an Sonn und Feiertagen von 6.30 Uhr bis 10.30 Uhr<\/p><p>\u00a0<\/p><p>\u00a0<\/p>\t<\/div>\n<\/div><h4 class=\"qodef-accordion-title\">\n\t<span class=\"qodef-tab-title\">\n\t\tGibt es Fr\u00fchst\u00fcck Gluten frei oder Laktose frei?\t<\/span>\n\t<span class=\"qodef-accordion-mark\">\n\t\t<span class=\"qodef-icon--arrow-down\"><span class=\"qodef-icon-linea-icons icon-arrows-down\" ><\/span><\/span>\n\t\t<span class=\"qodef-icon--arrow-up\"><span class=\"qodef-icon-linea-icons icon-arrows-up\" ><\/span><\/span>\n\t<\/span>\n<\/h4>\n<div class=\"qodef-accordion-content\">\n\t<div class=\"qodef-accordion-content-inner\">\n\t\t<p>Fr\u00fchst\u00fcck Gluten frei<\/p><p>W\u00fcnschen Sie Gluten freie Nahrungsmittel zum Fr\u00fchst\u00fcck, sprechen Sie uns bitte vor Ihrer Anreise an.<\/p><p>Fr\u00fchst\u00fcck Laktose frei<\/p><p>W\u00fcnschen Sie Laktose freie Nahrungsmittel zum Fr\u00fchst\u00fcck, sprechen Sie uns bitte vor Ihrer Anreise an.<\/p>\t<\/div>\n<\/div><h4 class=\"qodef-accordion-title\">\n\t<span class=\"qodef-tab-title\">\n\t\tKann ich nach 18 Uhr anreisen?\t<\/span>\n\t<span class=\"qodef-accordion-mark\">\n\t\t<span class=\"qodef-icon--arrow-down\"><span class=\"qodef-icon-linea-icons icon-arrows-down\" ><\/span><\/span>\n\t\t<span class=\"qodef-icon--arrow-up\"><span class=\"qodef-icon-linea-icons icon-arrows-up\" ><\/span><\/span>\n\t<\/span>\n<\/h4>\n<div class=\"qodef-accordion-content\">\n\t<div class=\"qodef-accordion-content-inner\">\n\t\t<p>Unsere Rezeption ist 24 Stunden besetzt. Sollten Sie erst nach 18 Uhr anreisen, so bitten wir Sie uns zu benachrichtigen, da wir sonst die Reservierung nicht mehr garantieren k\u00f6nnen.<\/p>\t<\/div>\n<\/div><h4 class=\"qodef-accordion-title\">\n\t<span class=\"qodef-tab-title\">\n\t\tKann ich mein Haustier mit bringen?\t<\/span>\n\t<span class=\"qodef-accordion-mark\">\n\t\t<span class=\"qodef-icon--arrow-down\"><span class=\"qodef-icon-linea-icons icon-arrows-down\" ><\/span><\/span>\n\t\t<span class=\"qodef-icon--arrow-up\"><span class=\"qodef-icon-linea-icons icon-arrows-up\" ><\/span><\/span>\n\t<\/span>\n<\/h4>\n<div class=\"qodef-accordion-content\">\n\t<div class=\"qodef-accordion-content-inner\">\n\t\t<p>Haustiere sind bei uns willkommen!<br \/>In der Geb\u00fchr von 5,00 Euro pro Hund oder Katze und Tag ist unser Hunde oder Katzen-Wohlf\u00fchlpaket enthalten.<\/p><p>Bitte haben Sie Verst\u00e4ndnis, dass Hunde nicht in den Fr\u00fchst\u00fccksraum und den Sauna Bereich mitgebracht werden d\u00fcrfen.<\/p>\t<\/div>\n<\/div><h4 class=\"qodef-accordion-title\">\n\t<span class=\"qodef-tab-title\">\n\t\tKann ich ein Rad leihen?\t<\/span>\n\t<span class=\"qodef-accordion-mark\">\n\t\t<span class=\"qodef-icon--arrow-down\"><span class=\"qodef-icon-linea-icons icon-arrows-down\" ><\/span><\/span>\n\t\t<span class=\"qodef-icon--arrow-up\"><span class=\"qodef-icon-linea-icons icon-arrows-up\" ><\/span><\/span>\n\t<\/span>\n<\/h4>\n<div class=\"qodef-accordion-content\">\n\t<div class=\"qodef-accordion-content-inner\">\n\t\t<p>Radfahrer sind in unserem Hause willkommen! Ihre R\u00e4der k\u00f6nnen Sie kostenlos unterstellen. Aber auch Mietr\u00e4der stellen wir unseren G\u00e4sten gerne zur Verf\u00fcgung.<\/p><p>NEU! E-BIKE Verleih (siehe auch Angebote)(link)<br \/>F\u00fcr Radtouren empfehlen wir:\u00a0<a href=\"https:\/\/www.franken-radreisen.de\/\">www.franken-radreisen.de<\/a><\/p>\t<\/div>\n<\/div><h4 class=\"qodef-accordion-title\">\n\t<span class=\"qodef-tab-title\">\n\t\tWo finde ich einen Arzt?\t<\/span>\n\t<span class=\"qodef-accordion-mark\">\n\t\t<span class=\"qodef-icon--arrow-down\"><span class=\"qodef-icon-linea-icons icon-arrows-down\" ><\/span><\/span>\n\t\t<span class=\"qodef-icon--arrow-up\"><span class=\"qodef-icon-linea-icons icon-arrows-up\" ><\/span><\/span>\n\t<\/span>\n<\/h4>\n<div class=\"qodef-accordion-content\">\n\t<div class=\"qodef-accordion-content-inner\">\n\t\t<p>Melden Sie sich an der Rezeption, wir helfen Ihnen gerne bei der Suche und Terminabsprache. In der N\u00e4he befinden sich alle g\u00e4ngigen Arztpraxen.<\/p>\t<\/div>\n<\/div><h4 class=\"qodef-accordion-title\">\n\t<span class=\"qodef-tab-title\">\n\t\tWo finde ich eine Apotheke?\t<\/span>\n\t<span class=\"qodef-accordion-mark\">\n\t\t<span class=\"qodef-icon--arrow-down\"><span class=\"qodef-icon-linea-icons icon-arrows-down\" ><\/span><\/span>\n\t\t<span class=\"qodef-icon--arrow-up\"><span class=\"qodef-icon-linea-icons icon-arrows-up\" ><\/span><\/span>\n\t<\/span>\n<\/h4>\n<div class=\"qodef-accordion-content\">\n\t<div class=\"qodef-accordion-content-inner\">\n\t\t<p>Eine Apotheke befindet sich 5 Minuten vom Hotel entfernt im Einkaufszentrum Mercado in der Au\u00dfen Bayreuther Stra\u00dfe 78.<\/p><p>\u00a0<\/p><p>Die Theresien-Apotheke erreichen Sie in der Mommsenstra\u00dfe 51 ebenfalls bequem zu Fu\u00df.<\/p>\t<\/div>\n<\/div><h4 class=\"qodef-accordion-title\">\n\t<span class=\"qodef-tab-title\">\n\t\tWo kann ich einkaufen?\t<\/span>\n\t<span class=\"qodef-accordion-mark\">\n\t\t<span class=\"qodef-icon--arrow-down\"><span class=\"qodef-icon-linea-icons icon-arrows-down\" ><\/span><\/span>\n\t\t<span class=\"qodef-icon--arrow-up\"><span class=\"qodef-icon-linea-icons icon-arrows-up\" ><\/span><\/span>\n\t<\/span>\n<\/h4>\n<div class=\"qodef-accordion-content\">\n\t<div class=\"qodef-accordion-content-inner\">\n\t\t<p>Nur in 10 Minuten vom Hotel befindet sich das Shoppingcenter \u201emercado\u201c mit Apotheke, Drogerie, Lebensmittelgesch\u00e4ften, Kleiderl\u00e4den, Reinigung, Friseur, Geldautomat, Imbissm\u00f6glichkeiten, usw. Ge\u00f6ffnet: Mo-Sa von 9:00h bis 20:00 Uhr. Ansonsten empfehlen wir Ihnen die N\u00fcrnberger Innenstadt.<\/p>\t<\/div>\n<\/div><h4 class=\"qodef-accordion-title\">\n\t<span class=\"qodef-tab-title\">\n\t\tBieten Sie auch einen Fitnessraum?\t<\/span>\n\t<span class=\"qodef-accordion-mark\">\n\t\t<span class=\"qodef-icon--arrow-down\"><span class=\"qodef-icon-linea-icons icon-arrows-down\" ><\/span><\/span>\n\t\t<span class=\"qodef-icon--arrow-up\"><span class=\"qodef-icon-linea-icons icon-arrows-up\" ><\/span><\/span>\n\t<\/span>\n<\/h4>\n<div class=\"qodef-accordion-content\">\n\t<div class=\"qodef-accordion-content-inner\">\n\t\t<p>Neben unserem Sauna Bereich im Untergeschoss stellen wir Ihnen verschiedene Trainingsger\u00e4te wie Ergometer, Ruderger\u00e4t, Gymnastick, Bauchtrainer und Matten kostenfrei zur Verf\u00fcgung.<\/p>\t<\/div>\n<\/div><h4 class=\"qodef-accordion-title\">\n\t<span class=\"qodef-tab-title\">\n\t\tVerf\u00fcgen Sie \u00fcber eine Sauna?\t<\/span>\n\t<span class=\"qodef-accordion-mark\">\n\t\t<span class=\"qodef-icon--arrow-down\"><span class=\"qodef-icon-linea-icons icon-arrows-down\" ><\/span><\/span>\n\t\t<span class=\"qodef-icon--arrow-up\"><span class=\"qodef-icon-linea-icons icon-arrows-up\" ><\/span><\/span>\n\t<\/span>\n<\/h4>\n<div class=\"qodef-accordion-content\">\n\t<div class=\"qodef-accordion-content-inner\">\n\t\t<p>Die Sauna befindet sich im Untergeschoss. Handt\u00fccher und Badem\u00e4ntel liegen f\u00fcr Sie bereit. Bitte melden Sie sich an der Rezeption, dann bereiten wir die Sauna f\u00fcr Sie vor (Aufheizzeit 30 Minuten). Sie k\u00f6nnen w\u00e4hlen zwischen finnischer Sauna und Dampfbad. Die Geb\u00fchr f\u00fcr die Benutzung betr\u00e4gt 7,00 \u20ac pro Person.<\/p>\t<\/div>\n<\/div><h4 class=\"qodef-accordion-title\">\n\t<span class=\"qodef-tab-title\">\n\t\tHaben Sie ein Hotelbar?\t<\/span>\n\t<span class=\"qodef-accordion-mark\">\n\t\t<span class=\"qodef-icon--arrow-down\"><span class=\"qodef-icon-linea-icons icon-arrows-down\" ><\/span><\/span>\n\t\t<span class=\"qodef-icon--arrow-up\"><span class=\"qodef-icon-linea-icons icon-arrows-up\" ><\/span><\/span>\n\t<\/span>\n<\/h4>\n<div class=\"qodef-accordion-content\">\n\t<div class=\"qodef-accordion-content-inner\">\n\t\t<p>An der t\u00e4glich ge\u00f6ffneten Hotelbar k\u00f6nnen Sie den Tag in gem\u00fctlicher Runde ausklingen lassen. Gerne bringen wir Ihnen Getr\u00e4nke auf Ihr Zimmer (24h Service).<\/p>\t<\/div>\n<\/div><h4 class=\"qodef-accordion-title\">\n\t<span class=\"qodef-tab-title\">\n\t\tWo kann ich parken?\t<\/span>\n\t<span class=\"qodef-accordion-mark\">\n\t\t<span class=\"qodef-icon--arrow-down\"><span class=\"qodef-icon-linea-icons icon-arrows-down\" ><\/span><\/span>\n\t\t<span class=\"qodef-icon--arrow-up\"><span class=\"qodef-icon-linea-icons icon-arrows-up\" ><\/span><\/span>\n\t<\/span>\n<\/h4>\n<div class=\"qodef-accordion-content\">\n\t<div class=\"qodef-accordion-content-inner\">\n\t\t<p>Eine begrenzte Anzahl steht Ihnen im Hof zur Verf\u00fcgung. Die Geb\u00fchr betr\u00e4gt 3,00 \u20ac pro Nacht. Die Parkpl\u00e4tze k\u00f6nnen leider nicht vor reserviert werden. Wertmarken f\u00fcr die Ausfahrt erhalten Sie am Empfang. Gerne reservieren wir eine unserer Garagen f\u00fcr 5,00 \u20ac pro Nacht. Ansonsten k\u00f6nnen Sie rund um das Hotel geb\u00fchrenfrei parken.<\/p>\t<\/div>\n<\/div><h4 class=\"qodef-accordion-title\">\n\t<span class=\"qodef-tab-title\">\n\t\tVerf\u00fcgen die Zimmer \u00fcber einen Safe?\t<\/span>\n\t<span class=\"qodef-accordion-mark\">\n\t\t<span class=\"qodef-icon--arrow-down\"><span class=\"qodef-icon-linea-icons icon-arrows-down\" ><\/span><\/span>\n\t\t<span class=\"qodef-icon--arrow-up\"><span class=\"qodef-icon-linea-icons icon-arrows-up\" ><\/span><\/span>\n\t<\/span>\n<\/h4>\n<div class=\"qodef-accordion-content\">\n\t<div class=\"qodef-accordion-content-inner\">\n\t\t<p>Die Zimmerkategorien Superior und Komfort verf\u00fcgen \u00fcber einen kostenfreien Safe (im Schrank), die Anleitung befindet sich ebenfalls dort. Bitte lesen Sie erst die Anleitung, ansonsten helfen wir Ihnen gerne weiter. Sie k\u00f6nnen Wertgegenst\u00e4nde auch im Safe an der Rezeption kostenlos deponieren.<\/p>\t<\/div>\n<\/div><h4 class=\"qodef-accordion-title\">\n\t<span class=\"qodef-tab-title\">\n\t\tCorona Codex\t<\/span>\n\t<span class=\"qodef-accordion-mark\">\n\t\t<span class=\"qodef-icon--arrow-down\"><span class=\"qodef-icon-linea-icons icon-arrows-down\" ><\/span><\/span>\n\t\t<span class=\"qodef-icon--arrow-up\"><span class=\"qodef-icon-linea-icons icon-arrows-up\" ><\/span><\/span>\n\t<\/span>\n<\/h4>\n<div class=\"qodef-accordion-content\">\n\t<div class=\"qodef-accordion-content-inner\">\n\t\t<p><b>Aufgrund der Brisanz der momentanen Lage, die dem Coronavirus geschuldet ist, wollen wir Ihnen stets die aktuellsten Informationen und Entwicklungen an die Hand geben!<\/b><\/p><p>Unsere Hygienekonzeptma\u00dfnahmen werden laufend aktualisiert und an aktuelle Entwicklungen angepasst.<\/p><h5 class=\"western\">Was tun wir?<\/h5><p>Wir waren schon immer auf Hygiene bedacht und gehen jetzt noch einen Schritt weiter.<\/p><p>Wir haben die Reinigungszyklen in unserem Hotel Cristal noch enger getaktet und desinfizieren insbesondere Lichtschalter, Treppengel\u00e4nder und andere Fl\u00e4chen in den \u00f6ffentlichen Bereichen st\u00fcndlich. Auch unsere Rezeption und der Empfangsbereich, die Zimmerschl\u00fcssel und Kreditkartenterminals werden nach jeder Benutzung gereinigt und desinfiziert.<\/p><p>In den \u00f6ffentlichen Bereichen, in den G\u00e4ste-WC\u00b4s finden Sie au\u00dferdem zahlreiche Spender mit Desinfektionsmittel.<\/p><p>An der Rezeption haben wir einen Spuckschutz angebracht, hier finden Sie auch Desinfektionsmittel.<\/p><p>Unser Empfang begleitet Sie zu Ihrem Tisch, wenn n\u00f6tig werden Zeiten und Tisch explizit zugewiesen. Der Mindestabstand von 1,5 Metern ist in unserem Fr\u00fchst\u00fccksbereich gew\u00e4hrleistet.<\/p><p>Wir k\u00f6nnen Ihnen weiterhin unser reichhaltiges Fr\u00fchst\u00fccksbuffet anbieten, daf\u00fcr m\u00fcssen Sie Einmalhandschuhe tragen, diese wir Ihnen extra und inklusive zur Verf\u00fcgung stellen.<\/p>\t<\/div>\n<\/div><h4 class=\"qodef-accordion-title\">\n\t<span class=\"qodef-tab-title\">\n\t\tWie kann ich bezahlen?\t<\/span>\n\t<span class=\"qodef-accordion-mark\">\n\t\t<span class=\"qodef-icon--arrow-down\"><span class=\"qodef-icon-linea-icons icon-arrows-down\" ><\/span><\/span>\n\t\t<span class=\"qodef-icon--arrow-up\"><span class=\"qodef-icon-linea-icons icon-arrows-up\" ><\/span><\/span>\n\t<\/span>\n<\/h4>\n<div class=\"qodef-accordion-content\">\n\t<div class=\"qodef-accordion-content-inner\">\n\t\t<div id=\"toggle-id-12-container\" class=\"toggle_wrap  active_tc\"><div class=\"toggle_content invers-color \"><p>Neben Bargeld und Euroschecks akzeptieren wir folgende Kreditkarten:<\/p><ul><li>EC<\/li><li>Mastercard<\/li><li>Visa<\/li><li>American Express<\/li><li>Diners<\/li><li>JCB<\/li><\/ul><\/div><\/div>\t<\/div>\n<\/div><\/div>\t\t<\/div>\n\t\t\t\t<\/div>\n\t\t\t\t\t\t<\/div>\n\t\t\t\t\t<\/div>\n\t\t<\/div>\n\t\t\t\t\t\t\t\t<\/div>\n\t\t\t\t\t<\/div>\n\t\t<\/section>\n\t\t\t\t<section class=\"elementor-section elementor-top-section elementor-element elementor-element-12509b0 elementor-section-full_width qodef-elementor-content-grid elementor-section-height-default elementor-section-height-default\" data-id=\"12509b0\" data-element_type=\"section\">\n\t\t\t\t\t\t<div class=\"elementor-container elementor-column-gap-no\">\n\t\t\t\t\t\t\t<div class=\"elementor-row\">\n\t\t\t\t\t<div class=\"elementor-column elementor-col-100 elementor-top-column elementor-element elementor-element-2b0cb73\" data-id=\"2b0cb73\" data-element_type=\"column\">\n\t\t\t<div class=\"elementor-column-wrap elementor-element-populated\">\n\t\t\t\t\t\t\t<div class=\"elementor-widget-wrap\">\n\t\t\t\t\t\t<div class=\"elementor-element elementor-element-e648b74 elementor-widget elementor-widget-text-editor\" data-id=\"e648b74\" data-element_type=\"widget\" data-widget_type=\"text-editor.default\">\n\t\t\t\t<div class=\"elementor-widget-container\">\n\t\t\t\t\t<div class=\"elementor-text-editor elementor-clearfix\"><h2>You didn\u00b4t find the right answer? E-mail us.<\/h2>\n<\/div>\n\t\t\t\t<\/div>\n\t\t\t\t<\/div>\n\t\t\t\t<div class=\"elementor-element elementor-element-695368a elementor-widget elementor-widget-wp-widget-alloggio_core_contact_form_7\" data-id=\"695368a\" data-element_type=\"widget\" data-widget_type=\"wp-widget-alloggio_core_contact_form_7.default\">\n\t\t\t\t<div class=\"elementor-widget-container\">\n\t\t\t\t\t\t<div class=\"qodef-contact-form-7\">\n\t\t\t\t<div role=\"form\" class=\"wpcf7\" id=\"wpcf7-f5-o1\" lang=\"en-US\" dir=\"ltr\">\n<div class=\"screen-reader-response\"><p role=\"status\" aria-live=\"polite\" aria-atomic=\"true\"><\/p> <ul><\/ul><\/div>\n<form action=\"\/en\/wp-json\/wp\/v2\/pages\/6624#wpcf7-f5-o1\" method=\"post\" class=\"wpcf7-form init\" novalidate=\"novalidate\" data-status=\"init\">\n<div style=\"display: none;\">\n<input type=\"hidden\" name=\"_wpcf7\" value=\"5\" \/>\n<input type=\"hidden\" name=\"_wpcf7_version\" value=\"5.4.2\" \/>\n<input type=\"hidden\" name=\"_wpcf7_locale\" value=\"en_US\" \/>\n<input type=\"hidden\" name=\"_wpcf7_unit_tag\" value=\"wpcf7-f5-o1\" \/>\n<input type=\"hidden\" name=\"_wpcf7_container_post\" value=\"0\" \/>\n<input type=\"hidden\" name=\"_wpcf7_posted_data_hash\" value=\"\" \/>\n<\/div>\n<div class=\"qodef-grid qodef-gutter--normal\">\n<div class=\"qodef-grid-inner\">\n<div class=\"qodef-grid-item\">\n<span class=\"wpcf7-form-control-wrap your-message\"><textarea name=\"your-message\" cols=\"40\" rows=\"6\" class=\"wpcf7-form-control wpcf7-textarea\" aria-invalid=\"false\" placeholder=\"Nachricht\"><\/textarea><\/span>\n<\/div>\n<\/div>\n<\/div>\n<div class=\"qodef-grid qodef-responsive--custom qodef-gutter--normal qodef-col-num--768--1 qodef-col-num--680--1 qodef-col-num--480--1 qodef-layout--columns qodef-col-num--3\">\n<div class=\"qodef-grid-inner\">\n<div class=\"qodef-grid-item\"><span class=\"wpcf7-form-control-wrap your-name\"><input type=\"text\" name=\"your-name\" value=\"\" size=\"40\" class=\"wpcf7-form-control wpcf7-text wpcf7-validates-as-required\" aria-required=\"true\" aria-invalid=\"false\" placeholder=\"Name\" \/><\/span><\/div>\n<div class=\"qodef-grid-item\"><span class=\"wpcf7-form-control-wrap your-email\"><input type=\"email\" name=\"your-email\" value=\"\" size=\"40\" class=\"wpcf7-form-control wpcf7-text wpcf7-email wpcf7-validates-as-required wpcf7-validates-as-email\" aria-required=\"true\" aria-invalid=\"false\" placeholder=\"E-Mailadresse *\" \/><\/span><\/div>\n<div class=\"qodef-grid-item\"><span class=\"wpcf7-form-control-wrap your-phone\"><input type=\"tel\" name=\"your-phone\" value=\"\" size=\"40\" class=\"wpcf7-form-control wpcf7-text wpcf7-tel wpcf7-validates-as-tel\" aria-invalid=\"false\" placeholder=\"Telefon\" \/><\/span><\/div>\n<\/div>\n<\/div>\n<p><button type=\"submit\" class=\"wpcf7-form-control wpcf7-submit qodef-button qodef-size--normal qodef-type--outlined qodef-m\"><span class=\"qodef-m-text\">Absenden<\/span><\/button><\/p>\n<div class=\"wpcf7-response-output\" aria-hidden=\"true\"><\/div><\/form><\/div>\t\t\t<\/div>\n\t\t\t\t\t<\/div>\n\t\t\t\t<\/div>\n\t\t\t\t\t\t<\/div>\n\t\t\t\t\t<\/div>\n\t\t<\/div>\n\t\t\t\t\t\t\t\t<\/div>\n\t\t\t\t\t<\/div>\n\t\t<\/section>\n\t\t\t\t\t\t<\/div>\n\t\t\t\t\t\t<\/div>\n\t\t\t\t\t<\/div>\n\t\t","protected":false},"excerpt":{"rendered":"<p>Wann kann ich ein und aus checken? Check in: Unsere Zimmer sind ab 14 Uhr bezugsfertig. Sollten Sie fr\u00fcher anreisen k\u00f6nnen wir Ihre Koffer gerne bei uns sicher abstellen. Check out: Am Abreisetag k\u00f6nnen Sie das Zimmer bis 11 Uhr nutzen. Check out late: Bitte fragen Sie an der Rezeption nach. Wann kann ich Fr\u00fchst\u00fccken [&hellip;]<\/p>\n","protected":false},"author":1,"featured_media":0,"parent":0,"menu_order":0,"comment_status":"closed","ping_status":"closed","template":"page-full-width.php","meta":[],"yoast_head":"<!-- This site is optimized with the Yoast SEO plugin v17.3 - https:\/\/yoast.com\/wordpress\/plugins\/seo\/ -->\n<title>FAQ - Hotel Alpha<\/title>\n<meta name=\"robots\" content=\"index, follow, max-snippet:-1, max-image-preview:large, max-video-preview:-1\" \/>\n<link rel=\"canonical\" href=\"https:\/\/www.hotel-alpha.de\/en\/faq\/\" \/>\n<meta property=\"og:locale\" content=\"en_US\" \/>\n<meta property=\"og:type\" content=\"article\" \/>\n<meta property=\"og:title\" content=\"FAQ - Hotel Alpha\" \/>\n<meta property=\"og:description\" content=\"Wann kann ich ein und aus checken? Check in: Unsere Zimmer sind ab 14 Uhr bezugsfertig. Sollten Sie fr\u00fcher anreisen k\u00f6nnen wir Ihre Koffer gerne bei uns sicher abstellen. Check out: Am Abreisetag k\u00f6nnen Sie das Zimmer bis 11 Uhr nutzen. Check out late: Bitte fragen Sie an der Rezeption nach. Wann kann ich Fr\u00fchst\u00fccken [&hellip;]\" \/>\n<meta property=\"og:url\" content=\"https:\/\/www.hotel-alpha.de\/en\/faq\/\" \/>\n<meta property=\"og:site_name\" content=\"Hotel Alpha\" \/>\n<meta property=\"article:modified_time\" content=\"2020-12-04T11:40:00+00:00\" \/>\n<meta name=\"twitter:card\" content=\"summary_large_image\" \/>\n<meta name=\"twitter:label1\" content=\"Est. reading time\" \/>\n\t<meta name=\"twitter:data1\" content=\"4 minutes\" \/>\n<script type=\"application\/ld+json\" class=\"yoast-schema-graph\">{\"@context\":\"https:\/\/schema.org\",\"@graph\":[{\"@type\":\"WebSite\",\"@id\":\"https:\/\/www.hotel-alpha.de\/#website\",\"url\":\"https:\/\/www.hotel-alpha.de\/\",\"name\":\"Hotel Alpha\",\"description\":\"Ihr Familienhotel in N\\u00fcrnberg\",\"potentialAction\":[{\"@type\":\"SearchAction\",\"target\":{\"@type\":\"EntryPoint\",\"urlTemplate\":\"https:\/\/www.hotel-alpha.de\/?s={search_term_string}\"},\"query-input\":\"required name=search_term_string\"}],\"inLanguage\":\"en-US\"},{\"@type\":\"WebPage\",\"@id\":\"https:\/\/www.hotel-alpha.de\/en\/faq\/#webpage\",\"url\":\"https:\/\/www.hotel-alpha.de\/en\/faq\/\",\"name\":\"FAQ - Hotel Alpha\",\"isPartOf\":{\"@id\":\"https:\/\/www.hotel-alpha.de\/#website\"},\"datePublished\":\"2020-11-30T13:39:25+00:00\",\"dateModified\":\"2020-12-04T11:40:00+00:00\",\"breadcrumb\":{\"@id\":\"https:\/\/www.hotel-alpha.de\/en\/faq\/#breadcrumb\"},\"inLanguage\":\"en-US\",\"potentialAction\":[{\"@type\":\"ReadAction\",\"target\":[\"https:\/\/www.hotel-alpha.de\/en\/faq\/\"]}]},{\"@type\":\"BreadcrumbList\",\"@id\":\"https:\/\/www.hotel-alpha.de\/en\/faq\/#breadcrumb\",\"itemListElement\":[{\"@type\":\"ListItem\",\"position\":1,\"name\":\"Startseite\",\"item\":\"https:\/\/www.hotel-alpha.de\/en\/home\/\"},{\"@type\":\"ListItem\",\"position\":2,\"name\":\"FAQ\"}]}]}<\/script>\n<!-- \/ Yoast SEO plugin. -->","yoast_head_json":{"title":"FAQ - Hotel Alpha","robots":{"index":"index","follow":"follow","max-snippet":"max-snippet:-1","max-image-preview":"max-image-preview:large","max-video-preview":"max-video-preview:-1"},"canonical":"https:\/\/www.hotel-alpha.de\/en\/faq\/","og_locale":"en_US","og_type":"article","og_title":"FAQ - Hotel Alpha","og_description":"Wann kann ich ein und aus checken? Check in: Unsere Zimmer sind ab 14 Uhr bezugsfertig. Sollten Sie fr\u00fcher anreisen k\u00f6nnen wir Ihre Koffer gerne bei uns sicher abstellen. Check out: Am Abreisetag k\u00f6nnen Sie das Zimmer bis 11 Uhr nutzen. Check out late: Bitte fragen Sie an der Rezeption nach. Wann kann ich Fr\u00fchst\u00fccken [&hellip;]","og_url":"https:\/\/www.hotel-alpha.de\/en\/faq\/","og_site_name":"Hotel Alpha","article_modified_time":"2020-12-04T11:40:00+00:00","twitter_card":"summary_large_image","twitter_misc":{"Est. reading time":"4 minutes"},"schema":{"@context":"https:\/\/schema.org","@graph":[{"@type":"WebSite","@id":"https:\/\/www.hotel-alpha.de\/#website","url":"https:\/\/www.hotel-alpha.de\/","name":"Hotel Alpha","description":"Ihr Familienhotel in N\u00fcrnberg","potentialAction":[{"@type":"SearchAction","target":{"@type":"EntryPoint","urlTemplate":"https:\/\/www.hotel-alpha.de\/?s={search_term_string}"},"query-input":"required name=search_term_string"}],"inLanguage":"en-US"},{"@type":"WebPage","@id":"https:\/\/www.hotel-alpha.de\/en\/faq\/#webpage","url":"https:\/\/www.hotel-alpha.de\/en\/faq\/","name":"FAQ - Hotel Alpha","isPartOf":{"@id":"https:\/\/www.hotel-alpha.de\/#website"},"datePublished":"2020-11-30T13:39:25+00:00","dateModified":"2020-12-04T11:40:00+00:00","breadcrumb":{"@id":"https:\/\/www.hotel-alpha.de\/en\/faq\/#breadcrumb"},"inLanguage":"en-US","potentialAction":[{"@type":"ReadAction","target":["https:\/\/www.hotel-alpha.de\/en\/faq\/"]}]},{"@type":"BreadcrumbList","@id":"https:\/\/www.hotel-alpha.de\/en\/faq\/#breadcrumb","itemListElement":[{"@type":"ListItem","position":1,"name":"Startseite","item":"https:\/\/www.hotel-alpha.de\/en\/home\/"},{"@type":"ListItem","position":2,"name":"FAQ"}]}]}},"_links":{"self":[{"href":"https:\/\/www.hotel-alpha.de\/en\/wp-json\/wp\/v2\/pages\/6624"}],"collection":[{"href":"https:\/\/www.hotel-alpha.de\/en\/wp-json\/wp\/v2\/pages"}],"about":[{"href":"https:\/\/www.hotel-alpha.de\/en\/wp-json\/wp\/v2\/types\/page"}],"author":[{"embeddable":true,"href":"https:\/\/www.hotel-alpha.de\/en\/wp-json\/wp\/v2\/users\/1"}],"replies":[{"embeddable":true,"href":"https:\/\/www.hotel-alpha.de\/en\/wp-json\/wp\/v2\/comments?post=6624"}],"version-history":[{"count":81,"href":"https:\/\/www.hotel-alpha.de\/en\/wp-json\/wp\/v2\/pages\/6624\/revisions"}],"predecessor-version":[{"id":7305,"href":"https:\/\/www.hotel-alpha.de\/en\/wp-json\/wp\/v2\/pages\/6624\/revisions\/7305"}],"wp:attachment":[{"href":"https:\/\/www.hotel-alpha.de\/en\/wp-json\/wp\/v2\/media?parent=6624"}],"curies":[{"name":"wp","href":"https:\/\/api.w.org\/{rel}","templated":true}]}}