{"id":6835,"date":"2020-12-02T21:16:33","date_gmt":"2020-12-02T20:16:33","guid":{"rendered":"https:\/\/hotelcristal.de\/imprint\/"},"modified":"2020-12-04T12:47:10","modified_gmt":"2020-12-04T11:47:10","slug":"imprint","status":"publish","type":"page","link":"https:\/\/www.hotel-alpha.de\/en\/imprint\/","title":{"rendered":"Imprint"},"content":{"rendered":"\t\t<div data-elementor-type=\"wp-page\" data-elementor-id=\"6835\" class=\"elementor elementor-6835 elementor-4772\" data-elementor-settings=\"[]\">\n\t\t\t\t\t\t<div class=\"elementor-inner\">\n\t\t\t\t\t\t\t<div class=\"elementor-section-wrap\">\n\t\t\t\t\t\t\t<section class=\"elementor-section elementor-top-section elementor-element elementor-element-eea1338 elementor-section-boxed elementor-section-height-default elementor-section-height-default qodef-elementor-content-no\" data-id=\"eea1338\" data-element_type=\"section\">\n\t\t\t\t\t\t<div class=\"elementor-container elementor-column-gap-default\">\n\t\t\t\t\t\t\t<div class=\"elementor-row\">\n\t\t\t\t\t<div class=\"elementor-column elementor-col-50 elementor-top-column elementor-element elementor-element-ac894f4\" data-id=\"ac894f4\" data-element_type=\"column\">\n\t\t\t<div class=\"elementor-column-wrap elementor-element-populated\">\n\t\t\t\t\t\t\t<div class=\"elementor-widget-wrap\">\n\t\t\t\t\t\t<div class=\"elementor-element elementor-element-dee836b elementor-widget elementor-widget-text-editor\" data-id=\"dee836b\" data-element_type=\"widget\" data-widget_type=\"text-editor.default\">\n\t\t\t\t<div class=\"elementor-widget-container\">\n\t\t\t\t\t<div class=\"elementor-text-editor elementor-clearfix\"><h1>Angaben gem\u00e4\u00df \u00a7 5 TMG<\/h1>\n<p>Hotel Alpha Homax GmbH<br \/>Ziegelsteinstra\u00dfe 197<br \/>90411 N\u00fcrnberg<\/p>\n<p><strong>Vertreten durch:<\/strong><\/p>\n<p>Gesch\u00e4ftsf\u00fchrer Irma Lowig<\/p>\n<p><strong>Kontakt:<\/strong><\/p>\n<p>Telefon: +49 (0)911 95245-0<br \/>Telefax: +49 (0) 911 95245-45<br \/>E-Mail: info@hotel-alpha.de<\/p>\n<p><strong>Registereintrag:<\/strong><\/p>\n<p>Eintragung im Handelsregister.<br \/>Registergericht:Amtsgericht N\u00fcrnberg<br \/>Registernummer: HRB 33694<\/p>\n<p><strong>Umsatzsteuer:<\/strong><\/p>\n<p>Umsatzsteuer-Identifikationsnummer gem\u00e4\u00df \u00a727 a Umsatzsteuergesetz:<br \/>DE310171483<\/p>\n<p><strong>Aufsichtsbeh\u00f6rde:<\/strong><\/p>\n<p>Ordnungsamt Stadt N\u00fcrnberg<br \/>Innerer Laufer Platz 3<\/p>\n<p>90403 N\u00fcrnberg<\/p>\n<p><a href=\"https:\/\/www.nuernberg.de\/internet\/ordnungsamt\/\" target=\"_blank\" rel=\"noopener\">https:\/\/www.nuernberg.de\/internet\/ordnungsamt\/<\/a><\/p>\n<p><strong>Verantwortlich f\u00fcr den Inhalt nach \u00a7 55 Abs. 2 RStV:<\/strong><\/p>\n<p>Oliver Lowig<br \/>Ziegelsteinstra\u00dfe 197<br \/>90411 N\u00fcrnberg<\/p>\n<p><strong>Streitschlichtung<\/strong><\/p>\n<p>Die Europ\u00e4ische Kommission stellt eine Plattform zur Online-Streitbeilegung (OS) bereit: <a href=\"https:\/\/ec.europa.eu\/consumers\/odr\" target=\"_blank\" rel=\"noopener\">https:\/\/ec.europa.eu\/consumers\/odr<\/a>.<br \/>Unsere E-Mail-Adresse finden Sie oben im Impressum.<\/p>\n<p>Wir sind nicht bereit oder verpflichtet, an Streitbeilegungsverfahren vor einer\u00a0Verbraucherschlichtungsstelle teilzunehmen.<\/p>\n<\/div>\n\t\t\t\t<\/div>\n\t\t\t\t<\/div>\n\t\t\t\t\t\t<\/div>\n\t\t\t\t\t<\/div>\n\t\t<\/div>\n\t\t\t\t<div class=\"elementor-column elementor-col-50 elementor-top-column elementor-element elementor-element-c7c9bb0\" data-id=\"c7c9bb0\" data-element_type=\"column\">\n\t\t\t<div class=\"elementor-column-wrap elementor-element-populated\">\n\t\t\t\t\t\t\t<div class=\"elementor-widget-wrap\">\n\t\t\t\t\t\t<div class=\"elementor-element elementor-element-82dae67 elementor-widget elementor-widget-text-editor\" data-id=\"82dae67\" data-element_type=\"widget\" data-widget_type=\"text-editor.default\">\n\t\t\t\t<div class=\"elementor-widget-container\">\n\t\t\t\t\t<div class=\"elementor-text-editor elementor-clearfix\"><h2>Haftung f\u00fcr Inhalte<\/h2>\n<p>Als Diensteanbieter sind wir gem\u00e4\u00df \u00a7 7 Abs.1 TMG f\u00fcr eigene Inhalte auf diesen Seiten nach den allgemeinen Gesetzen verantwortlich. Nach \u00a7\u00a7 8 bis 10 TMG sind wir als Diensteanbieter jedoch nicht verpflichtet, \u00fcbermittelte oder gespeicherte fremde Informationen zu \u00fcberwachen oder nach Umst\u00e4nden zu forschen, die auf eine rechtswidrige T\u00e4tigkeit hinweisen.<\/p>\n<p>Verpflichtungen zur Entfernung oder Sperrung der Nutzung von Informationen nach den allgemeinen Gesetzen bleiben hiervon unber\u00fchrt. Eine diesbez\u00fcgliche Haftung ist jedoch erst ab dem Zeitpunkt der Kenntnis einer konkreten Rechtsverletzung m\u00f6glich. Bei Bekanntwerden von entsprechenden Rechtsverletzungen werden wir diese Inhalte umgehend entfernen.<\/p>\n<p><strong>Haftung f\u00fcr Links<\/strong><\/p>\n<p>Unser Angebot enth\u00e4lt Links zu externen Websites Dritter, auf deren Inhalte wir keinen Einfluss haben. Deshalb k\u00f6nnen wir f\u00fcr diese fremden Inhalte auch keine Gew\u00e4hr \u00fcbernehmen. F\u00fcr die Inhalte der verlinkten Seiten ist stets der jeweilige Anbieter oder Betreiber der Seiten verantwortlich. Die verlinkten Seiten wurden zum Zeitpunkt der Verlinkung auf m\u00f6gliche Rechtsverst\u00f6\u00dfe \u00fcberpr\u00fcft. Rechtswidrige Inhalte waren zum Zeitpunkt der Verlinkung nicht erkennbar.<\/p>\n<p>Eine permanente inhaltliche Kontrolle der verlinkten Seiten ist jedoch ohne konkrete Anhaltspunkte einer Rechtsverletzung nicht zumutbar. Bei Bekanntwerden von Rechtsverletzungen werden wir derartige Links umgehend entfernen.<\/p>\n<p><strong>Urheberrecht<\/strong><\/p>\n<p>Die durch die Seitenbetreiber erstellten Inhalte und Werke auf diesen Seiten unterliegen dem deutschen Urheberrecht. Die Vervielf\u00e4ltigung, Bearbeitung, Verbreitung und jede Art der Verwertung au\u00dferhalb der Grenzen des Urheberrechtes bed\u00fcrfen der schriftlichen Zustimmung des jeweiligen Autors bzw. Erstellers. Downloads und Kopien dieser Seite sind nur f\u00fcr den privaten, nicht kommerziellen Gebrauch gestattet.<\/p>\n<p>Soweit die Inhalte auf dieser Seite nicht vom Betreiber erstellt wurden, werden die Urheberrechte Dritter beachtet. Insbesondere werden Inhalte Dritter als solche gekennzeichnet. Sollten Sie trotzdem auf eine Urheberrechtsverletzung aufmerksam werden, bitten wir um einen entsprechenden Hinweis. Bei Bekanntwerden von Rechtsverletzungen werden wir derartige Inhalte umgehend entfernen.<\/p>\n<\/div>\n\t\t\t\t<\/div>\n\t\t\t\t<\/div>\n\t\t\t\t\t\t<\/div>\n\t\t\t\t\t<\/div>\n\t\t<\/div>\n\t\t\t\t\t\t\t\t<\/div>\n\t\t\t\t\t<\/div>\n\t\t<\/section>\n\t\t\t\t\t\t<\/div>\n\t\t\t\t\t\t<\/div>\n\t\t\t\t\t<\/div>\n\t\t","protected":false},"excerpt":{"rendered":"<p>Angaben gem\u00e4\u00df \u00a7 5 TMG Hotel Alpha Homax GmbHZiegelsteinstra\u00dfe 19790411 N\u00fcrnberg Vertreten durch: Gesch\u00e4ftsf\u00fchrer Irma Lowig Kontakt: Telefon: +49 (0)911 95245-0Telefax: +49 (0) 911 95245-45E-Mail: info@hotel-alpha.de Registereintrag: Eintragung im Handelsregister.Registergericht:Amtsgericht N\u00fcrnbergRegisternummer: HRB 33694 Umsatzsteuer: Umsatzsteuer-Identifikationsnummer gem\u00e4\u00df \u00a727 a Umsatzsteuergesetz:DE310171483 Aufsichtsbeh\u00f6rde: Ordnungsamt Stadt N\u00fcrnbergInnerer Laufer Platz 3 90403 N\u00fcrnberg https:\/\/www.nuernberg.de\/internet\/ordnungsamt\/ Verantwortlich f\u00fcr den Inhalt nach \u00a7 [&hellip;]<\/p>\n","protected":false},"author":1,"featured_media":0,"parent":0,"menu_order":0,"comment_status":"closed","ping_status":"open","template":"","meta":[],"yoast_head":"<!-- This site is optimized with the Yoast SEO plugin v17.3 - https:\/\/yoast.com\/wordpress\/plugins\/seo\/ -->\n<title>Imprint - Hotel Alpha<\/title>\n<meta name=\"robots\" content=\"index, follow, max-snippet:-1, max-image-preview:large, max-video-preview:-1\" \/>\n<link rel=\"canonical\" href=\"https:\/\/www.hotel-alpha.de\/en\/imprint\/\" \/>\n<meta property=\"og:locale\" content=\"en_US\" \/>\n<meta property=\"og:type\" content=\"article\" \/>\n<meta property=\"og:title\" content=\"Imprint - Hotel Alpha\" \/>\n<meta property=\"og:description\" content=\"Angaben gem\u00e4\u00df \u00a7 5 TMG Hotel Alpha Homax GmbHZiegelsteinstra\u00dfe 19790411 N\u00fcrnberg Vertreten durch: Gesch\u00e4ftsf\u00fchrer Irma Lowig Kontakt: Telefon: +49 (0)911 95245-0Telefax: +49 (0) 911 95245-45E-Mail: info@hotel-alpha.de Registereintrag: Eintragung im Handelsregister.Registergericht:Amtsgericht N\u00fcrnbergRegisternummer: HRB 33694 Umsatzsteuer: Umsatzsteuer-Identifikationsnummer gem\u00e4\u00df \u00a727 a Umsatzsteuergesetz:DE310171483 Aufsichtsbeh\u00f6rde: Ordnungsamt Stadt N\u00fcrnbergInnerer Laufer Platz 3 90403 N\u00fcrnberg https:\/\/www.nuernberg.de\/internet\/ordnungsamt\/ Verantwortlich f\u00fcr den Inhalt nach \u00a7 [&hellip;]\" \/>\n<meta property=\"og:url\" content=\"https:\/\/www.hotel-alpha.de\/en\/imprint\/\" \/>\n<meta property=\"og:site_name\" content=\"Hotel Alpha\" \/>\n<meta property=\"article:modified_time\" content=\"2020-12-04T11:47:10+00:00\" \/>\n<meta name=\"twitter:card\" content=\"summary_large_image\" \/>\n<script type=\"application\/ld+json\" class=\"yoast-schema-graph\">{\"@context\":\"https:\/\/schema.org\",\"@graph\":[{\"@type\":\"WebSite\",\"@id\":\"https:\/\/www.hotel-alpha.de\/#website\",\"url\":\"https:\/\/www.hotel-alpha.de\/\",\"name\":\"Hotel Alpha\",\"description\":\"Ihr Familienhotel in N\\u00fcrnberg\",\"potentialAction\":[{\"@type\":\"SearchAction\",\"target\":{\"@type\":\"EntryPoint\",\"urlTemplate\":\"https:\/\/www.hotel-alpha.de\/?s={search_term_string}\"},\"query-input\":\"required name=search_term_string\"}],\"inLanguage\":\"en-US\"},{\"@type\":\"WebPage\",\"@id\":\"https:\/\/www.hotel-alpha.de\/en\/imprint\/#webpage\",\"url\":\"https:\/\/www.hotel-alpha.de\/en\/imprint\/\",\"name\":\"Imprint - Hotel Alpha\",\"isPartOf\":{\"@id\":\"https:\/\/www.hotel-alpha.de\/#website\"},\"datePublished\":\"2020-12-02T20:16:33+00:00\",\"dateModified\":\"2020-12-04T11:47:10+00:00\",\"breadcrumb\":{\"@id\":\"https:\/\/www.hotel-alpha.de\/en\/imprint\/#breadcrumb\"},\"inLanguage\":\"en-US\",\"potentialAction\":[{\"@type\":\"ReadAction\",\"target\":[\"https:\/\/www.hotel-alpha.de\/en\/imprint\/\"]}]},{\"@type\":\"BreadcrumbList\",\"@id\":\"https:\/\/www.hotel-alpha.de\/en\/imprint\/#breadcrumb\",\"itemListElement\":[{\"@type\":\"ListItem\",\"position\":1,\"name\":\"Startseite\",\"item\":\"https:\/\/www.hotel-alpha.de\/en\/home\/\"},{\"@type\":\"ListItem\",\"position\":2,\"name\":\"Imprint\"}]},{\"@type\":\"Person\",\"@id\":\"https:\/\/www.hotel-alpha.de\/#\/schema\/person\/3bd2feda7e125b13f1cbd9e0fc78f1aa\",\"name\":\"admin\",\"sameAs\":[\"http:\/\/dev.hotelcristal.de\"],\"url\":\"https:\/\/www.hotel-alpha.de\/en\/author\/admin\/\"}]}<\/script>\n<!-- \/ Yoast SEO plugin. -->","yoast_head_json":{"title":"Imprint - Hotel Alpha","robots":{"index":"index","follow":"follow","max-snippet":"max-snippet:-1","max-image-preview":"max-image-preview:large","max-video-preview":"max-video-preview:-1"},"canonical":"https:\/\/www.hotel-alpha.de\/en\/imprint\/","og_locale":"en_US","og_type":"article","og_title":"Imprint - Hotel Alpha","og_description":"Angaben gem\u00e4\u00df \u00a7 5 TMG Hotel Alpha Homax GmbHZiegelsteinstra\u00dfe 19790411 N\u00fcrnberg Vertreten durch: Gesch\u00e4ftsf\u00fchrer Irma Lowig Kontakt: Telefon: +49 (0)911 95245-0Telefax: +49 (0) 911 95245-45E-Mail: info@hotel-alpha.de Registereintrag: Eintragung im Handelsregister.Registergericht:Amtsgericht N\u00fcrnbergRegisternummer: HRB 33694 Umsatzsteuer: Umsatzsteuer-Identifikationsnummer gem\u00e4\u00df \u00a727 a Umsatzsteuergesetz:DE310171483 Aufsichtsbeh\u00f6rde: Ordnungsamt Stadt N\u00fcrnbergInnerer Laufer Platz 3 90403 N\u00fcrnberg https:\/\/www.nuernberg.de\/internet\/ordnungsamt\/ Verantwortlich f\u00fcr den Inhalt nach \u00a7 [&hellip;]","og_url":"https:\/\/www.hotel-alpha.de\/en\/imprint\/","og_site_name":"Hotel Alpha","article_modified_time":"2020-12-04T11:47:10+00:00","twitter_card":"summary_large_image","schema":{"@context":"https:\/\/schema.org","@graph":[{"@type":"WebSite","@id":"https:\/\/www.hotel-alpha.de\/#website","url":"https:\/\/www.hotel-alpha.de\/","name":"Hotel Alpha","description":"Ihr Familienhotel in N\u00fcrnberg","potentialAction":[{"@type":"SearchAction","target":{"@type":"EntryPoint","urlTemplate":"https:\/\/www.hotel-alpha.de\/?s={search_term_string}"},"query-input":"required name=search_term_string"}],"inLanguage":"en-US"},{"@type":"WebPage","@id":"https:\/\/www.hotel-alpha.de\/en\/imprint\/#webpage","url":"https:\/\/www.hotel-alpha.de\/en\/imprint\/","name":"Imprint - Hotel Alpha","isPartOf":{"@id":"https:\/\/www.hotel-alpha.de\/#website"},"datePublished":"2020-12-02T20:16:33+00:00","dateModified":"2020-12-04T11:47:10+00:00","breadcrumb":{"@id":"https:\/\/www.hotel-alpha.de\/en\/imprint\/#breadcrumb"},"inLanguage":"en-US","potentialAction":[{"@type":"ReadAction","target":["https:\/\/www.hotel-alpha.de\/en\/imprint\/"]}]},{"@type":"BreadcrumbList","@id":"https:\/\/www.hotel-alpha.de\/en\/imprint\/#breadcrumb","itemListElement":[{"@type":"ListItem","position":1,"name":"Startseite","item":"https:\/\/www.hotel-alpha.de\/en\/home\/"},{"@type":"ListItem","position":2,"name":"Imprint"}]},{"@type":"Person","@id":"https:\/\/www.hotel-alpha.de\/#\/schema\/person\/3bd2feda7e125b13f1cbd9e0fc78f1aa","name":"admin","sameAs":["http:\/\/dev.hotelcristal.de"],"url":"https:\/\/www.hotel-alpha.de\/en\/author\/admin\/"}]}},"_links":{"self":[{"href":"https:\/\/www.hotel-alpha.de\/en\/wp-json\/wp\/v2\/pages\/6835"}],"collection":[{"href":"https:\/\/www.hotel-alpha.de\/en\/wp-json\/wp\/v2\/pages"}],"about":[{"href":"https:\/\/www.hotel-alpha.de\/en\/wp-json\/wp\/v2\/types\/page"}],"author":[{"embeddable":true,"href":"https:\/\/www.hotel-alpha.de\/en\/wp-json\/wp\/v2\/users\/1"}],"replies":[{"embeddable":true,"href":"https:\/\/www.hotel-alpha.de\/en\/wp-json\/wp\/v2\/comments?post=6835"}],"version-history":[{"count":2,"href":"https:\/\/www.hotel-alpha.de\/en\/wp-json\/wp\/v2\/pages\/6835\/revisions"}],"predecessor-version":[{"id":7311,"href":"https:\/\/www.hotel-alpha.de\/en\/wp-json\/wp\/v2\/pages\/6835\/revisions\/7311"}],"wp:attachment":[{"href":"https:\/\/www.hotel-alpha.de\/en\/wp-json\/wp\/v2\/media?parent=6835"}],"curies":[{"name":"wp","href":"https:\/\/api.w.org\/{rel}","templated":true}]}}